{"id":87,"date":"2025-01-01T19:31:05","date_gmt":"2025-01-01T18:31:05","guid":{"rendered":"https:\/\/transcont.pl\/?page_id=87"},"modified":"2025-01-25T10:52:24","modified_gmt":"2025-01-25T09:52:24","slug":"transport-intermodalny","status":"publish","type":"page","link":"https:\/\/transcont.pl\/index.php\/transport-intermodalny\/","title":{"rendered":"Transport intermodalny"},"content":{"rendered":"\n<div style=\"height:17px\" aria-hidden=\"true\" class=\"wp-block-spacer\"><\/div>\n\n\n\n<h2 class=\"wp-block-heading has-text-align-center\">  Transport intermodalny<\/h2>\n\n\n\n<div class=\"wp-block-columns alignwide is-layout-flex wp-container-core-columns-is-layout-1 wp-block-columns-is-layout-flex\" style=\"padding-top:0;padding-right:0;padding-bottom:0;padding-left:0\">\n<div class=\"wp-block-column is-layout-flow wp-block-column-is-layout-flow\">\n<ul class=\"wp-block-list\">\n<li class=\"has-medium-font-size\">organizujemy przewozy intermodalne krajowe z port\u00f3w w Gdyni i Gda\u0144sku do terminali &nbsp;l\u0105dowych zlokalizowanych min. w \u0141odzi, Poznaniu, Gliwicach<br><\/li>\n\n\n\n<li class=\"has-medium-font-size\">organizujemy przewozy intermodalne mi\u0119dzynarodowe<br><\/li>\n\n\n\n<li class=\"has-medium-font-size\">zapewnimy kompleksow\u0105 obs\u0142ug\u0119 celn\u0105<br><\/li>\n\n\n\n<li class=\"has-medium-font-size\">sprawujemy sta\u0142y nadz\u00f3r nad przesy\u0142k\u0105 podczas ca\u0142ej trasy przewozu<br><\/li>\n\n\n\n<li class=\"has-medium-font-size\">zapewnimy ubezpieczenie towaru cargo<br><\/li>\n\n\n\n<li class=\"has-medium-font-size\">prowadzimy dostawy <strong><em>last mile<\/em><\/strong> z terminalni prze\u0142adunkowych transportem samochodowym<br><\/li>\n\n\n\n<li class=\"has-medium-font-size\">wykorzystamy nasz\u0105 wsp\u00f3\u0142prac\u0119 z operatorami w Polsce i Europie w celu zapewnienia Twojej firmie efektywnego przewozu towaru na korzystnych warunkach<\/li>\n<\/ul>\n<\/div>\n\n\n\n<div class=\"wp-block-column is-layout-flow wp-block-column-is-layout-flow\" style=\"flex-basis:40%\">\n<figure class=\"wp-block-image size-full has-custom-border is-style-default\"><img loading=\"lazy\" decoding=\"async\" width=\"2560\" height=\"1707\" src=\"https:\/\/transcont.pl\/wp-content\/uploads\/2025\/01\/train-wagons-carrying-cargo-containers-shipping-companies-scaled.jpg\" alt=\"\" class=\"wp-image-217\" style=\"border-radius:8px;aspect-ratio:1;object-fit:cover\" srcset=\"https:\/\/transcont.pl\/wp-content\/uploads\/2025\/01\/train-wagons-carrying-cargo-containers-shipping-companies-scaled.jpg 2560w, https:\/\/transcont.pl\/wp-content\/uploads\/2025\/01\/train-wagons-carrying-cargo-containers-shipping-companies-300x200.jpg 300w, https:\/\/transcont.pl\/wp-content\/uploads\/2025\/01\/train-wagons-carrying-cargo-containers-shipping-companies-1024x683.jpg 1024w, https:\/\/transcont.pl\/wp-content\/uploads\/2025\/01\/train-wagons-carrying-cargo-containers-shipping-companies-768x512.jpg 768w, https:\/\/transcont.pl\/wp-content\/uploads\/2025\/01\/train-wagons-carrying-cargo-containers-shipping-companies-1536x1024.jpg 1536w, https:\/\/transcont.pl\/wp-content\/uploads\/2025\/01\/train-wagons-carrying-cargo-containers-shipping-companies-2048x1365.jpg 2048w, https:\/\/transcont.pl\/wp-content\/uploads\/2025\/01\/train-wagons-carrying-cargo-containers-shipping-companies-360x240.jpg 360w\" sizes=\"auto, (max-width: 2560px) 100vw, 2560px\" \/><\/figure>\n<\/div>\n<\/div>\n","protected":false},"excerpt":{"rendered":"<p>Transport intermodalny<\/p>\n","protected":false},"author":1,"featured_media":0,"parent":0,"menu_order":0,"comment_status":"closed","ping_status":"closed","template":"page-templates\/template-pagebuilder-full-width.php","meta":{"footnotes":""},"class_list":["post-87","page","type-page","status-publish","hentry"],"_links":{"self":[{"href":"https:\/\/transcont.pl\/index.php\/wp-json\/wp\/v2\/pages\/87","targetHints":{"allow":["GET"]}}],"collection":[{"href":"https:\/\/transcont.pl\/index.php\/wp-json\/wp\/v2\/pages"}],"about":[{"href":"https:\/\/transcont.pl\/index.php\/wp-json\/wp\/v2\/types\/page"}],"author":[{"embeddable":true,"href":"https:\/\/transcont.pl\/index.php\/wp-json\/wp\/v2\/users\/1"}],"replies":[{"embeddable":true,"href":"https:\/\/transcont.pl\/index.php\/wp-json\/wp\/v2\/comments?post=87"}],"version-history":[{"count":28,"href":"https:\/\/transcont.pl\/index.php\/wp-json\/wp\/v2\/pages\/87\/revisions"}],"predecessor-version":[{"id":230,"href":"https:\/\/transcont.pl\/index.php\/wp-json\/wp\/v2\/pages\/87\/revisions\/230"}],"wp:attachment":[{"href":"https:\/\/transcont.pl\/index.php\/wp-json\/wp\/v2\/media?parent=87"}],"curies":[{"name":"wp","href":"https:\/\/api.w.org\/{rel}","templated":true}]}}